{"id":855,"date":"2022-02-24T14:11:37","date_gmt":"2022-02-24T14:11:37","guid":{"rendered":"https:\/\/digigo-project.eu\/elearning-platform\/"},"modified":"2023-01-20T12:21:48","modified_gmt":"2023-01-20T12:21:48","slug":"elearning-platform","status":"publish","type":"page","link":"https:\/\/digigo-project.eu\/de\/elearning-platform\/","title":{"rendered":"E-Learning"},"content":{"rendered":"<h1>E-Learning<\/h1>\n<div>\n<p>Der Fernunterricht ist heutzutage zu einem Schl\u00fcsselelement geworden, um die Kontinuit\u00e4t <span>von<\/span> Bildungsaktivit\u00e4ten zu gew\u00e4hrleisten. Er ist ein international anerkanntes und hochwertiges Lernumfeld, insbesondere um die neuen Herausforderungen beim Zugang zu Wissen in der digitalen Gesellschaft zu meistern.<\/p>\n<p>Online-Lernplattformen sind in den letzten Jahren schnell gewachsen. Auch die DIGI:GO-Plattform wird eine breite Palette von Vorteilen f\u00fcr erwachsene Lernende haben, denn:<\/p>\n<ul>\n<li>Sie wird eine asynchrone Teilnahme erm\u00f6glichen<\/li>\n<li>Sie wird selbstgesteuertes Lernen f\u00f6rdern<\/li>\n<li>Sie wird die Demokratisierung von Wissen erm\u00f6glichen<\/li>\n<li>Sie wird das Lernen unter Gleichgesinnten erleichtern<\/li>\n<li>Sie wird die volle Kompatibilit\u00e4t mit allen elektronischen Ger\u00e4ten gew\u00e4hrleisten<\/li>\n<li>Sie wird eine kosteneffektive L\u00f6sung sein, um ein breites Spektrum von erwachsenen Lernenden auf lokaler, nationaler, EU- und internationaler Ebene zu erreichen.<\/li>\n<\/ul>\n<\/div>\n<p>\n    <a href=\"https:\/\/digigo-hub.eu\/\">Besuchen Sie die Plattform<\/a>\n<\/p>\n<p><img decoding=\"async\" src=\"\/wp-content\/uploads\/2022\/09\/DigiGo_webDesign_030822_hv-05.svg\" alt=\"e-learning\"><\/p>\n<p><!--more--><br \/>\n<!-- {\"name\":\"About page BKP - 11.9.22\",\"type\":\"layout\",\"children\":[{\"type\":\"section\",\"props\":{\"style\":\"default\",\"width\":\"default\",\"vertical_align\":\"middle\",\"title_position\":\"top-left\",\"title_rotation\":\"left\",\"title_breakpoint\":\"xl\",\"image_position\":\"center-center\",\"padding_remove_top\":false,\"padding_remove_bottom\":false,\"padding\":\"xsmall\"},\"children\":[{\"type\":\"row\",\"children\":[{\"type\":\"column\",\"props\":{\"position_sticky_breakpoint\":\"m\",\"image_position\":\"center-center\",\"media_overlay_gradient\":\"\"},\"children\":[{\"type\":\"headline\",\"props\":{\"title_element\":\"h1\",\"title_style\":\"heading-medium\",\"content\":\"E-Learning\",\"title_color\":\"primary\"}}]}]}]},{\"type\":\"section\",\"props\":{\"style\":\"default\",\"width\":\"default\",\"vertical_align\":\"middle\",\"title_position\":\"top-left\",\"title_rotation\":\"left\",\"title_breakpoint\":\"xl\",\"image_position\":\"center-center\",\"animation\":\"fade\"},\"children\":[{\"type\":\"row\",\"props\":{\"layout\":\"1-2,1-2\"},\"children\":[{\"type\":\"column\",\"props\":{\"position_sticky_breakpoint\":\"m\",\"image_position\":\"center-center\",\"media_overlay_gradient\":\"\",\"width_medium\":\"1-2\"},\"children\":[{\"type\":\"text\",\"props\":{\"margin\":\"default\",\"column_breakpoint\":\"m\",\"content\":\"\n\n<p>Der Fernunterricht ist heutzutage zu einem Schl\\u00fcsselelement geworden, um die Kontinuit\\u00e4t <span>von<\\\/span> Bildungsaktivit\\u00e4ten zu gew\\u00e4hrleisten. Er ist ein international anerkanntes und hochwertiges Lernumfeld, insbesondere um die neuen Herausforderungen beim Zugang zu Wissen in der digitalen Gesellschaft zu meistern.<\\\/p>\\n\n\n<p>Online-Lernplattformen sind in den letzten Jahren schnell gewachsen. Auch die DIGI:GO-Plattform wird eine breite Palette von Vorteilen f\\u00fcr erwachsene Lernende haben, denn:<\\\/p>\\n\n\n<ul>\\n\n\n<li>Sie wird eine asynchrone Teilnahme erm\\u00f6glichen<\\\/li>\\n\n\n<li>Sie wird selbstgesteuertes Lernen f\\u00f6rdern<\\\/li>\\n\n\n<li>Sie wird die Demokratisierung von Wissen erm\\u00f6glichen<\\\/li>\\n\n\n<li>Sie wird das Lernen unter Gleichgesinnten erleichtern<\\\/li>\\n\n\n<li>Sie wird die volle Kompatibilit\\u00e4t mit allen elektronischen Ger\\u00e4ten gew\\u00e4hrleisten<\\\/li>\\n\n\n<li>Sie wird eine kosteneffektive L\\u00f6sung sein, um ein breites Spektrum von erwachsenen Lernenden auf lokaler, nationaler, EU- und internationaler Ebene zu erreichen.<\\\/li>\\n<\\\/ul>\"}},{\"type\":\"button\",\"props\":{\"grid_column_gap\":\"small\",\"grid_row_gap\":\"small\",\"margin\":\"default\"},\"children\":[{\"type\":\"button_item\",\"props\":{\"button_style\":\"primary\",\"icon_align\":\"left\",\"content\":\"Besuchen Sie die Plattform\",\"link\":\"https:\\\/\\\/digigo-hub.eu\\\/\",\"link_target\":\"blank\"}}]}]},{\"type\":\"column\",\"props\":{\"position_sticky_breakpoint\":\"m\",\"image_position\":\"center-center\",\"media_overlay_gradient\":\"\",\"width_medium\":\"1-2\"},\"children\":[{\"type\":\"image\",\"props\":{\"margin\":\"default\",\"image_svg_color\":\"emphasis\",\"image\":\"wp-content\\\/uploads\\\/2022\\\/09\\\/DigiGo_webDesign_030822_hv-05.svg\",\"image_alt\":\"e-learning\",\"maxwidth\":\"large\",\"block_align\":\"right\",\"block_align_breakpoint\":\"l\",\"block_align_fallback\":\"center\"}}]}]}],\"name\":\"Overview\"},{\"type\":\"section\",\"props\":{\"style\":\"default\",\"width\":\"default\",\"vertical_align\":\"middle\",\"title_position\":\"top-left\",\"title_rotation\":\"left\",\"title_breakpoint\":\"xl\",\"image_position\":\"center-center\"},\"children\":[{\"type\":\"row\",\"children\":[{\"type\":\"column\",\"props\":{\"position_sticky_breakpoint\":\"m\",\"image_position\":\"center-center\",\"media_overlay_gradient\":\"\"},\"children\":[]}]}]}],\"version\":\"2.7.22\"} --><\/p>\n","protected":false},"excerpt":{"rendered":"<p>E-Learning Der Fernunterricht ist heutzutage zu einem Schl\u00fcsselelement geworden, um die Kontinuit\u00e4t von Bildungsaktivit\u00e4ten zu gew\u00e4hrleisten. Er ist ein international anerkanntes und hochwertiges Lernumfeld, insbesondere..<\/p>\n","protected":false},"author":1,"featured_media":0,"parent":0,"menu_order":0,"comment_status":"closed","ping_status":"closed","template":"","meta":{"_acf_changed":false,"inline_featured_image":false,"footnotes":""},"class_list":["post-855","page","type-page","status-publish","hentry"],"acf":[],"_links":{"self":[{"href":"https:\/\/digigo-project.eu\/de\/wp-json\/wp\/v2\/pages\/855","targetHints":{"allow":["GET"]}}],"collection":[{"href":"https:\/\/digigo-project.eu\/de\/wp-json\/wp\/v2\/pages"}],"about":[{"href":"https:\/\/digigo-project.eu\/de\/wp-json\/wp\/v2\/types\/page"}],"author":[{"embeddable":true,"href":"https:\/\/digigo-project.eu\/de\/wp-json\/wp\/v2\/users\/1"}],"replies":[{"embeddable":true,"href":"https:\/\/digigo-project.eu\/de\/wp-json\/wp\/v2\/comments?post=855"}],"version-history":[{"count":7,"href":"https:\/\/digigo-project.eu\/de\/wp-json\/wp\/v2\/pages\/855\/revisions"}],"predecessor-version":[{"id":1138,"href":"https:\/\/digigo-project.eu\/de\/wp-json\/wp\/v2\/pages\/855\/revisions\/1138"}],"wp:attachment":[{"href":"https:\/\/digigo-project.eu\/de\/wp-json\/wp\/v2\/media?parent=855"}],"curies":[{"name":"wp","href":"https:\/\/api.w.org\/{rel}","templated":true}]}}