{"id":854,"date":"2022-02-24T14:11:37","date_gmt":"2022-02-24T14:11:37","guid":{"rendered":"https:\/\/digigo-project.eu\/elearning-platform\/"},"modified":"2023-01-20T12:20:57","modified_gmt":"2023-01-20T12:20:57","slug":"elearning-platform","status":"publish","type":"page","link":"https:\/\/digigo-project.eu\/fr\/elearning-platform\/","title":{"rendered":"eLearning"},"content":{"rendered":"<h1>eLearning<\/h1>\n<div>\n<p>De nos jours, l&rsquo;enseignement \u00e0 distance est devenu un \u00e9l\u00e9ment cl\u00e9 pour assurer la continuit\u00e9 des activit\u00e9s \u00e9ducatives. Il s&rsquo;agit d&rsquo;un environnement d&rsquo;apprentissage de haute qualit\u00e9, reconnu internationalement.<\/p>\n<p>Il s&rsquo;agit d&rsquo;un environnement d&rsquo;apprentissage de haute qualit\u00e9, reconnu au niveau international, qui permet notamment de relever les nouveaux d\u00e9fis li\u00e9s \u00e0 la facilitation de l&rsquo;acc\u00e8s \u00e0 la connaissance dans la soci\u00e9t\u00e9 num\u00e9rique.<\/p>\n<p>En outre, les plateformes d&rsquo;apprentissage en ligne connaissent une croissance rapide. Pour cette raison, la plateforme d&rsquo;apprentissage en ligne DIGI-GO pr\u00e9sentera un large \u00e9ventail d&rsquo;avantages pour les apprenants adultes, puisque:<\/p>\n<ul>\n<li>Elle permettra une participation asynchrone<\/li>\n<li>Elle encouragera l&rsquo;apprentissage autodirig\u00e9<\/li>\n<li>Elle permettra la d\u00e9mocratisation de la connaissance<\/li>\n<li>Elle facilitera l&rsquo;apprentissage de pair \u00e0 pair<\/li>\n<li>Il assurera une compatibilit\u00e9 totale avec tous les appareils \u00e9lectroniques<\/li>\n<li>Il constituera une solution rentable pour atteindre un large \u00e9ventail d&rsquo;apprenants adultes aux niveaux local, national, europ\u00e9en et international.<\/li>\n<\/ul>\n<\/div>\n<p>\n    <a href=\"https:\/\/digigo-hub.eu\/\">Visitez la plateforme<\/a>\n<\/p>\n<p><img decoding=\"async\" src=\"\/wp-content\/uploads\/2022\/09\/DigiGo_webDesign_030822_hv-05.svg\" alt=\"e-learning\"><\/p>\n<p><!--more--><br \/>\n<!-- {\"name\":\"About page BKP - 11.9.22\",\"type\":\"layout\",\"children\":[{\"type\":\"section\",\"props\":{\"style\":\"default\",\"width\":\"default\",\"vertical_align\":\"middle\",\"title_position\":\"top-left\",\"title_rotation\":\"left\",\"title_breakpoint\":\"xl\",\"image_position\":\"center-center\",\"padding_remove_top\":false,\"padding_remove_bottom\":false,\"padding\":\"xsmall\"},\"children\":[{\"type\":\"row\",\"children\":[{\"type\":\"column\",\"props\":{\"position_sticky_breakpoint\":\"m\",\"image_position\":\"center-center\",\"media_overlay_gradient\":\"\"},\"children\":[{\"type\":\"headline\",\"props\":{\"title_element\":\"h1\",\"title_style\":\"heading-medium\",\"content\":\"eLearning\",\"title_color\":\"primary\"}}]}]}]},{\"type\":\"section\",\"props\":{\"style\":\"default\",\"width\":\"default\",\"vertical_align\":\"middle\",\"title_position\":\"top-left\",\"title_rotation\":\"left\",\"title_breakpoint\":\"xl\",\"image_position\":\"center-center\",\"animation\":\"fade\"},\"children\":[{\"type\":\"row\",\"props\":{\"layout\":\"1-2,1-2\"},\"children\":[{\"type\":\"column\",\"props\":{\"position_sticky_breakpoint\":\"m\",\"image_position\":\"center-center\",\"media_overlay_gradient\":\"\",\"width_medium\":\"1-2\"},\"children\":[{\"type\":\"text\",\"props\":{\"margin\":\"default\",\"column_breakpoint\":\"m\",\"content\":\"\n\n<p>De nos jours, l'enseignement \\u00e0 distance est devenu un \\u00e9l\\u00e9ment cl\\u00e9 pour assurer la continuit\\u00e9 des activit\\u00e9s \\u00e9ducatives. Il s'agit d'un environnement d'apprentissage de haute qualit\\u00e9, reconnu internationalement.<\\\/p>\\n\n\n<p>Il s'agit d'un environnement d'apprentissage de haute qualit\\u00e9, reconnu au niveau international, qui permet notamment de relever les nouveaux d\\u00e9fis li\\u00e9s \\u00e0 la facilitation de l'acc\\u00e8s \\u00e0 la connaissance dans la soci\\u00e9t\\u00e9 num\\u00e9rique.<\\\/p>\\n\n\n<p>En outre, les plateformes d'apprentissage en ligne connaissent une croissance rapide. Pour cette raison, la plateforme d'apprentissage en ligne DIGI-GO pr\\u00e9sentera un large \\u00e9ventail d'avantages pour les apprenants adultes, puisque:<\\\/p>\\n\n\n<ul>\\n\n\n<li>Elle permettra une participation asynchrone<\\\/li>\\n\n\n<li>Elle encouragera l'apprentissage autodirig\\u00e9<\\\/li>\\n\n\n<li>Elle permettra la d\\u00e9mocratisation de la connaissance<\\\/li>\\n\n\n<li>Elle facilitera l'apprentissage de pair \\u00e0 pair<\\\/li>\\n\n\n<li>Il assurera une compatibilit\\u00e9 totale avec tous les appareils \\u00e9lectroniques<\\\/li>\\n\n\n<li>Il constituera une solution rentable pour atteindre un large \\u00e9ventail d'apprenants adultes aux niveaux local, national, europ\\u00e9en et international.<\\\/li>\\n<\\\/ul>\"}},{\"type\":\"button\",\"props\":{\"grid_column_gap\":\"small\",\"grid_row_gap\":\"small\",\"margin\":\"default\"},\"children\":[{\"type\":\"button_item\",\"props\":{\"button_style\":\"primary\",\"icon_align\":\"left\",\"link\":\"https:\\\/\\\/digigo-hub.eu\\\/\",\"link_target\":\"blank\",\"content\":\"Visitez la plateforme\"}}]}]},{\"type\":\"column\",\"props\":{\"position_sticky_breakpoint\":\"m\",\"image_position\":\"center-center\",\"media_overlay_gradient\":\"\",\"width_medium\":\"1-2\"},\"children\":[{\"type\":\"image\",\"props\":{\"margin\":\"default\",\"image_svg_color\":\"emphasis\",\"image\":\"wp-content\\\/uploads\\\/2022\\\/09\\\/DigiGo_webDesign_030822_hv-05.svg\",\"image_alt\":\"e-learning\",\"maxwidth\":\"large\",\"block_align\":\"right\",\"block_align_breakpoint\":\"l\",\"block_align_fallback\":\"center\"}}]}]}],\"name\":\"Overview\"},{\"type\":\"section\",\"props\":{\"style\":\"default\",\"width\":\"default\",\"vertical_align\":\"middle\",\"title_position\":\"top-left\",\"title_rotation\":\"left\",\"title_breakpoint\":\"xl\",\"image_position\":\"center-center\"},\"children\":[{\"type\":\"row\",\"children\":[{\"type\":\"column\",\"props\":{\"position_sticky_breakpoint\":\"m\",\"image_position\":\"center-center\",\"media_overlay_gradient\":\"\"},\"children\":[]}]}]}],\"version\":\"2.7.22\"} --><\/p>\n","protected":false},"excerpt":{"rendered":"<p>eLearning De nos jours, l&rsquo;enseignement \u00e0 distance est devenu un \u00e9l\u00e9ment cl\u00e9 pour assurer la continuit\u00e9 des activit\u00e9s \u00e9ducatives. Il s&rsquo;agit d&rsquo;un environnement d&rsquo;apprentissage de..<\/p>\n","protected":false},"author":1,"featured_media":0,"parent":0,"menu_order":0,"comment_status":"closed","ping_status":"closed","template":"","meta":{"_acf_changed":false,"inline_featured_image":false,"footnotes":""},"class_list":["post-854","page","type-page","status-publish","hentry"],"acf":[],"_links":{"self":[{"href":"https:\/\/digigo-project.eu\/fr\/wp-json\/wp\/v2\/pages\/854","targetHints":{"allow":["GET"]}}],"collection":[{"href":"https:\/\/digigo-project.eu\/fr\/wp-json\/wp\/v2\/pages"}],"about":[{"href":"https:\/\/digigo-project.eu\/fr\/wp-json\/wp\/v2\/types\/page"}],"author":[{"embeddable":true,"href":"https:\/\/digigo-project.eu\/fr\/wp-json\/wp\/v2\/users\/1"}],"replies":[{"embeddable":true,"href":"https:\/\/digigo-project.eu\/fr\/wp-json\/wp\/v2\/comments?post=854"}],"version-history":[{"count":3,"href":"https:\/\/digigo-project.eu\/fr\/wp-json\/wp\/v2\/pages\/854\/revisions"}],"predecessor-version":[{"id":1137,"href":"https:\/\/digigo-project.eu\/fr\/wp-json\/wp\/v2\/pages\/854\/revisions\/1137"}],"wp:attachment":[{"href":"https:\/\/digigo-project.eu\/fr\/wp-json\/wp\/v2\/media?parent=854"}],"curies":[{"name":"wp","href":"https:\/\/api.w.org\/{rel}","templated":true}]}}