{"id":863,"date":"2022-02-24T14:11:38","date_gmt":"2022-02-24T14:11:38","guid":{"rendered":"https:\/\/digigo-project.eu\/toolkit\/"},"modified":"2024-02-21T13:15:41","modified_gmt":"2024-02-21T13:15:41","slug":"toolkit","status":"publish","type":"page","link":"https:\/\/digigo-project.eu\/fr\/toolkit\/","title":{"rendered":"Bo\u00eete \u00e0 outils"},"content":{"rendered":"<h1>Bo\u00eete \u00e0 outils<\/h1>\n<div>\n<p>a bo\u00eete \u00e0 outils pour le d\u00e9veloppement des comp\u00e9tences num\u00e9riques vise \u00e0 soutenir le d\u00e9veloppement des comp\u00e9tences num\u00e9riques cl\u00e9s qui sont align\u00e9es sur le cadre de comp\u00e9tences num\u00e9riques pour les citoyens 2.0 (DigComp) comme suit:<\/p>\n<ol>\n<li>Ma\u00eetrise de l&rsquo;information et des donn\u00e9es.<\/li>\n<li>Communication et collaboration.<\/li>\n<li>S\u00e9curit\u00e9.<\/li>\n<li>Cr\u00e9ation de contenu num\u00e9rique.<\/li>\n<\/ol>\n<p>Ce r\u00e9sultat a une forte composante socio-\u00e9ducative et sera d\u00e9velopp\u00e9 dans une perspective de micro-apprentissage, puisqu&rsquo;il divise les grands \u00e9l\u00e9ments d&rsquo;information en petites parties qui peuvent se compl\u00e9ter.<\/p>\n<\/div>\n<p>\n    <a href=\"https:\/\/digigo-project.eu\/wp-content\/uploads\/2024\/02\/DIGI-GO_PR1_Toolkit-of-Digital-Development_framework_FRENCH_SDT-2.pdf\">Lire la bo\u00eete \u00e0 outils<\/a>\n<\/p>\n<p><img decoding=\"async\" src=\"\/wp-content\/uploads\/2022\/09\/DigiGo_webDesign_030822_hv-05.svg\" alt=\"e-learning\"><\/p>\n<p><!--more--><br \/>\n<!-- {\"name\":\"Tooklit page BKP - 12.9.22\",\"type\":\"layout\",\"children\":[{\"type\":\"section\",\"props\":{\"style\":\"default\",\"width\":\"default\",\"vertical_align\":\"middle\",\"title_position\":\"top-left\",\"title_rotation\":\"left\",\"title_breakpoint\":\"xl\",\"image_position\":\"center-center\",\"padding_remove_top\":false,\"padding_remove_bottom\":false,\"padding\":\"xsmall\"},\"children\":[{\"type\":\"row\",\"children\":[{\"type\":\"column\",\"props\":{\"position_sticky_breakpoint\":\"m\",\"image_position\":\"center-center\",\"media_overlay_gradient\":\"\"},\"children\":[{\"type\":\"headline\",\"props\":{\"title_element\":\"h1\",\"title_style\":\"heading-medium\",\"content\":\"Bo\\u00eete \\u00e0 outils\",\"title_color\":\"primary\"}}]}]}]},{\"type\":\"section\",\"props\":{\"style\":\"default\",\"width\":\"default\",\"vertical_align\":\"middle\",\"title_position\":\"top-left\",\"title_rotation\":\"left\",\"title_breakpoint\":\"xl\",\"image_position\":\"center-center\",\"animation\":\"fade\"},\"children\":[{\"type\":\"row\",\"props\":{\"layout\":\"1-2,1-2\"},\"children\":[{\"type\":\"column\",\"props\":{\"position_sticky_breakpoint\":\"m\",\"image_position\":\"center-center\",\"media_overlay_gradient\":\"\",\"width_medium\":\"1-2\"},\"children\":[{\"type\":\"text\",\"props\":{\"margin\":\"default\",\"column_breakpoint\":\"m\",\"content\":\"\n\n<p>a bo\\u00eete \\u00e0 outils pour le d\\u00e9veloppement des comp\\u00e9tences num\\u00e9riques vise \\u00e0 soutenir le d\\u00e9veloppement des comp\\u00e9tences num\\u00e9riques cl\\u00e9s qui sont align\\u00e9es sur le cadre de comp\\u00e9tences num\\u00e9riques pour les citoyens 2.0 (DigComp) comme suit:<\\\/p>\\n\n\n<ol>\\n\n\n<li>Ma\\u00eetrise de l'information et des donn\\u00e9es.<\\\/li>\\n\n\n<li>Communication et collaboration.<\\\/li>\\n\n\n<li>S\\u00e9curit\\u00e9.<\\\/li>\\n\n\n<li>Cr\\u00e9ation de contenu num\\u00e9rique.<\\\/li>\\n<\\\/ol>\\n\n\n<p>Ce r\\u00e9sultat a une forte composante socio-\\u00e9ducative et sera d\\u00e9velopp\\u00e9 dans une perspective de micro-apprentissage, puisqu'il divise les grands \\u00e9l\\u00e9ments d'information en petites parties qui peuvent se compl\\u00e9ter.<\\\/p>\"}},{\"type\":\"button\",\"props\":{\"grid_column_gap\":\"small\",\"grid_row_gap\":\"small\",\"margin\":\"default\"},\"children\":[{\"type\":\"button_item\",\"props\":{\"link_title\":\"\",\"link\":\"https:\\\/\\\/digigo-project.eu\\\/wp-content\\\/uploads\\\/2024\\\/02\\\/DIGI-GO_PR1_Toolkit-of-Digital-Development_framework_FRENCH_SDT-2.pdf\",\"icon\":\"download\",\"content\":\"Lire la bo\\u00eete \\u00e0 outils\",\"button_style\":\"primary\",\"link_target\":\"blank\",\"icon_align\":\"left\"}}],\"name\":\"Reads the toolkit\"}]},{\"type\":\"column\",\"props\":{\"position_sticky_breakpoint\":\"m\",\"image_position\":\"center-center\",\"media_overlay_gradient\":\"\",\"width_medium\":\"1-2\"},\"children\":[{\"type\":\"image\",\"props\":{\"margin\":\"default\",\"image_svg_color\":\"emphasis\",\"image\":\"wp-content\\\/uploads\\\/2022\\\/09\\\/DigiGo_webDesign_030822_hv-05.svg\",\"image_alt\":\"e-learning\",\"maxwidth\":\"large\",\"block_align\":\"right\",\"block_align_breakpoint\":\"l\",\"block_align_fallback\":\"center\"}}]}]}],\"name\":\"Overview\"},{\"type\":\"section\",\"props\":{\"style\":\"default\",\"width\":\"default\",\"vertical_align\":\"middle\",\"title_position\":\"top-left\",\"title_rotation\":\"left\",\"title_breakpoint\":\"xl\",\"image_position\":\"center-center\"},\"children\":[{\"type\":\"row\",\"children\":[{\"type\":\"column\",\"props\":{\"position_sticky_breakpoint\":\"m\",\"image_position\":\"center-center\",\"media_overlay_gradient\":\"\"},\"children\":[]}]}]}],\"version\":\"2.7.22\"} --><\/p>\n","protected":false},"excerpt":{"rendered":"<p>Bo\u00eete \u00e0 outils a bo\u00eete \u00e0 outils pour le d\u00e9veloppement des comp\u00e9tences num\u00e9riques vise \u00e0 soutenir le d\u00e9veloppement des comp\u00e9tences num\u00e9riques cl\u00e9s qui sont align\u00e9es..<\/p>\n","protected":false},"author":1,"featured_media":0,"parent":0,"menu_order":0,"comment_status":"closed","ping_status":"closed","template":"","meta":{"_acf_changed":false,"inline_featured_image":false,"footnotes":""},"class_list":["post-863","page","type-page","status-publish","hentry"],"acf":[],"_links":{"self":[{"href":"https:\/\/digigo-project.eu\/fr\/wp-json\/wp\/v2\/pages\/863","targetHints":{"allow":["GET"]}}],"collection":[{"href":"https:\/\/digigo-project.eu\/fr\/wp-json\/wp\/v2\/pages"}],"about":[{"href":"https:\/\/digigo-project.eu\/fr\/wp-json\/wp\/v2\/types\/page"}],"author":[{"embeddable":true,"href":"https:\/\/digigo-project.eu\/fr\/wp-json\/wp\/v2\/users\/1"}],"replies":[{"embeddable":true,"href":"https:\/\/digigo-project.eu\/fr\/wp-json\/wp\/v2\/comments?post=863"}],"version-history":[{"count":4,"href":"https:\/\/digigo-project.eu\/fr\/wp-json\/wp\/v2\/pages\/863\/revisions"}],"predecessor-version":[{"id":1438,"href":"https:\/\/digigo-project.eu\/fr\/wp-json\/wp\/v2\/pages\/863\/revisions\/1438"}],"wp:attachment":[{"href":"https:\/\/digigo-project.eu\/fr\/wp-json\/wp\/v2\/media?parent=863"}],"curies":[{"name":"wp","href":"https:\/\/api.w.org\/{rel}","templated":true}]}}