{"id":857,"date":"2022-02-24T14:11:37","date_gmt":"2022-02-24T14:11:37","guid":{"rendered":"https:\/\/digigo-project.eu\/elearning-platform\/"},"modified":"2023-01-20T12:22:37","modified_gmt":"2023-01-20T12:22:37","slug":"elearning-platform","status":"publish","type":"page","link":"https:\/\/digigo-project.eu\/it\/elearning-platform\/","title":{"rendered":"eLearning"},"content":{"rendered":"<h1>Piattaforma E-Learning<\/h1>\n<div>\n<p>L&#8217;apprendimento a distanza \u00e8 diventato un elemento chiave per garantire la continuit\u00e0 delle attivit\u00e0 educative al giorno d&#8217;oggi. Si tratta di un ambiente di apprendimento riconosciuto a livello internazionale e di alta qualit\u00e0 utile in particolare per affrontare le sfide emergenti nel facilitare l&#8217;accesso alla conoscenza nella societ\u00e0 digitale.<\/p>\n<p>Inoltre, le piattaforme di apprendimento online sono in rapida crescita. Per questo motivo, la piattaforma di e-learning DIGI-GO avr\u00e0 un&#8217;ampia gamma di vantaggi per i discenti adulti, in quanto:<\/p>\n<ul>\n<li>permetter\u00e0 la partecipazione asincrona<\/li>\n<li>incoragger\u00e0 l&#8217;apprendimento auto-diretto<\/li>\n<li>Permetter\u00e0 la democratizzazione della conoscenza<\/li>\n<li>faciliter\u00e0 l&#8217;apprendimento peer-to-peer<\/li>\n<li>garantir\u00e0 la piena compatibilit\u00e0 con tutti i dispositivi elettronici<\/li>\n<li>Sar\u00e0 una soluzione efficace dal punto di vista dei costi per raggiungere un&#8217;ampia gamma di discenti adulti a livello locale, nazionale, europeo e internazionale.<\/li>\n<\/ul>\n<\/div>\n<p>\n    <a href=\"https:\/\/digigo-hub.eu\/\">Visita la piattaforma<\/a>\n<\/p>\n<p><img decoding=\"async\" src=\"\/wp-content\/uploads\/2022\/09\/DigiGo_webDesign_030822_hv-05.svg\" alt=\"e-learning\"><\/p>\n<p><!--more--><br \/>\n<!-- {\"name\":\"About page BKP - 11.9.22\",\"type\":\"layout\",\"children\":[{\"type\":\"section\",\"props\":{\"style\":\"default\",\"width\":\"default\",\"vertical_align\":\"middle\",\"title_position\":\"top-left\",\"title_rotation\":\"left\",\"title_breakpoint\":\"xl\",\"image_position\":\"center-center\",\"padding_remove_top\":false,\"padding_remove_bottom\":false,\"padding\":\"xsmall\"},\"children\":[{\"type\":\"row\",\"children\":[{\"type\":\"column\",\"props\":{\"position_sticky_breakpoint\":\"m\",\"image_position\":\"center-center\",\"media_overlay_gradient\":\"\"},\"children\":[{\"type\":\"headline\",\"props\":{\"title_element\":\"h1\",\"title_style\":\"heading-medium\",\"content\":\"Piattaforma E-Learning\",\"title_color\":\"primary\"}}]}]}]},{\"type\":\"section\",\"props\":{\"style\":\"default\",\"width\":\"default\",\"vertical_align\":\"middle\",\"title_position\":\"top-left\",\"title_rotation\":\"left\",\"title_breakpoint\":\"xl\",\"image_position\":\"center-center\",\"animation\":\"fade\"},\"children\":[{\"type\":\"row\",\"props\":{\"layout\":\"1-2,1-2\"},\"children\":[{\"type\":\"column\",\"props\":{\"position_sticky_breakpoint\":\"m\",\"image_position\":\"center-center\",\"media_overlay_gradient\":\"\",\"width_medium\":\"1-2\"},\"children\":[{\"type\":\"text\",\"props\":{\"margin\":\"default\",\"column_breakpoint\":\"m\",\"content\":\"\n\n<p>L'apprendimento a distanza \\u00e8 diventato un elemento chiave per garantire la continuit\\u00e0 delle attivit\\u00e0 educative al giorno d'oggi. Si tratta di un ambiente di apprendimento riconosciuto a livello internazionale e di alta qualit\\u00e0 utile in particolare per affrontare le sfide emergenti nel facilitare l'accesso alla conoscenza nella societ\\u00e0 digitale.<\\\/p>\\n\n\n<p>Inoltre, le piattaforme di apprendimento online sono in rapida crescita. Per questo motivo, la piattaforma di e-learning DIGI-GO avr\\u00e0 un'ampia gamma di vantaggi per i discenti adulti, in quanto:<\\\/p>\\n\n\n<ul>\\n\n\n<li>permetter\\u00e0 la partecipazione asincrona<\\\/li>\\n\n\n<li>incoragger\\u00e0 l'apprendimento auto-diretto<\\\/li>\\n\n\n<li>Permetter\\u00e0 la democratizzazione della conoscenza<\\\/li>\\n\n\n<li>faciliter\\u00e0 l'apprendimento peer-to-peer<\\\/li>\\n\n\n<li>garantir\\u00e0 la piena compatibilit\\u00e0 con tutti i dispositivi elettronici<\\\/li>\\n\n\n<li>Sar\\u00e0 una soluzione efficace dal punto di vista dei costi per raggiungere un'ampia gamma di discenti adulti a livello locale, nazionale, europeo e internazionale.<\\\/li>\\n<\\\/ul>\"}},{\"type\":\"button\",\"props\":{\"grid_column_gap\":\"small\",\"grid_row_gap\":\"small\",\"margin\":\"default\"},\"children\":[{\"type\":\"button_item\",\"props\":{\"button_style\":\"primary\",\"icon_align\":\"left\",\"content\":\"Visita la piattaforma\",\"link\":\"https:\\\/\\\/digigo-hub.eu\\\/\",\"link_target\":\"blank\"}}]}]},{\"type\":\"column\",\"props\":{\"position_sticky_breakpoint\":\"m\",\"image_position\":\"center-center\",\"media_overlay_gradient\":\"\",\"width_medium\":\"1-2\"},\"children\":[{\"type\":\"image\",\"props\":{\"margin\":\"default\",\"image_svg_color\":\"emphasis\",\"image\":\"wp-content\\\/uploads\\\/2022\\\/09\\\/DigiGo_webDesign_030822_hv-05.svg\",\"image_alt\":\"e-learning\",\"maxwidth\":\"large\",\"block_align\":\"right\",\"block_align_breakpoint\":\"l\",\"block_align_fallback\":\"center\"}}]}]}],\"name\":\"Overview\"},{\"type\":\"section\",\"props\":{\"style\":\"default\",\"width\":\"default\",\"vertical_align\":\"middle\",\"title_position\":\"top-left\",\"title_rotation\":\"left\",\"title_breakpoint\":\"xl\",\"image_position\":\"center-center\"},\"children\":[{\"type\":\"row\",\"children\":[{\"type\":\"column\",\"props\":{\"position_sticky_breakpoint\":\"m\",\"image_position\":\"center-center\",\"media_overlay_gradient\":\"\"},\"children\":[]}]}]}],\"version\":\"2.7.22\"} --><\/p>\n","protected":false},"excerpt":{"rendered":"<p>Piattaforma E-Learning L&#8217;apprendimento a distanza \u00e8 diventato un elemento chiave per garantire la continuit\u00e0 delle attivit\u00e0 educative al giorno d&#8217;oggi. Si tratta di un ambiente..<\/p>\n","protected":false},"author":1,"featured_media":0,"parent":0,"menu_order":0,"comment_status":"closed","ping_status":"closed","template":"","meta":{"_acf_changed":false,"inline_featured_image":false,"footnotes":""},"class_list":["post-857","page","type-page","status-publish","hentry"],"acf":[],"_links":{"self":[{"href":"https:\/\/digigo-project.eu\/it\/wp-json\/wp\/v2\/pages\/857","targetHints":{"allow":["GET"]}}],"collection":[{"href":"https:\/\/digigo-project.eu\/it\/wp-json\/wp\/v2\/pages"}],"about":[{"href":"https:\/\/digigo-project.eu\/it\/wp-json\/wp\/v2\/types\/page"}],"author":[{"embeddable":true,"href":"https:\/\/digigo-project.eu\/it\/wp-json\/wp\/v2\/users\/1"}],"replies":[{"embeddable":true,"href":"https:\/\/digigo-project.eu\/it\/wp-json\/wp\/v2\/comments?post=857"}],"version-history":[{"count":3,"href":"https:\/\/digigo-project.eu\/it\/wp-json\/wp\/v2\/pages\/857\/revisions"}],"predecessor-version":[{"id":1139,"href":"https:\/\/digigo-project.eu\/it\/wp-json\/wp\/v2\/pages\/857\/revisions\/1139"}],"wp:attachment":[{"href":"https:\/\/digigo-project.eu\/it\/wp-json\/wp\/v2\/media?parent=857"}],"curies":[{"name":"wp","href":"https:\/\/api.w.org\/{rel}","templated":true}]}}