{"id":861,"date":"2022-02-24T14:11:37","date_gmt":"2022-02-24T14:11:37","guid":{"rendered":"https:\/\/digigo-project.eu\/home\/"},"modified":"2022-11-24T07:00:08","modified_gmt":"2022-11-24T07:00:08","slug":"home","status":"publish","type":"page","link":"https:\/\/digigo-project.eu\/it\/","title":{"rendered":"Home"},"content":{"rendered":"<h1>Sostenere la trasformazione digitale delle organizzazioni che operano nell&#8217;economia sociale<\/h1>\n<div>\n<p>Il progetto DIGI:GO mira a sostenere gli educatori per adulti, ente di formazione professionale (VET), gli insegnanti e altri professionisti del settore sociale ed educativo nell&#8217;incorporazione di strumenti online per migliorare l&#8217;insegnamento e l&#8217;apprendimento.<\/p>\n<\/div>\n<p>\n    <a href=\"\/it\/about\">Leggi tutto<\/a>\n<\/p>\n<p><img decoding=\"async\" src=\"\/wp-content\/uploads\/2022\/09\/DigiGo_webDesign_030822_hv-10.svg\" alt=\"\"><br \/>\n<img decoding=\"async\" src=\"\/wp-content\/uploads\/2022\/09\/DigiGo_webDesign_030822_hv-05.svg\" alt=\"e-learning\"><\/p>\n<h2>eLearning<\/h2>\n<div>\n<p>L&#8217;apprendimento a distanza \u00e8 diventato un elemento chiave per garantire la continuit\u00e0 delle attivit\u00e0 educative al giorno d&#8217;oggi. Si tratta di un ambiente di apprendimento riconosciuto a livello internazionale e di alta qualit\u00e0, utile in particolare per affrontare le sfide emergenti e nel favorire l&#8217;accesso alla conoscenza nella societ\u00e0 digitale.<\/p>\n<\/div>\n<p>\n    <a href=\"\/it\/elearning-platform\/\">Leggi tutto<\/a>\n<\/p>\n<h2>eLearning<\/h2>\n<div>\n<p>L&#8217;apprendimento a distanza \u00e8 diventato un elemento chiave per garantire la continuit\u00e0 delle attivit\u00e0 educative al giorno d&#8217;oggi. Si tratta di un ambiente di apprendimento riconosciuto a livello internazionale e di alta qualit\u00e0, utile in particolare per affrontare le sfide emergenti e nel favorire l&#8217;accesso alla conoscenza nella societ\u00e0 digitale.<\/p>\n<\/div>\n<p>\n    <a href=\"\/it\/elearning-platform\/\">Leggi tutto<\/a>\n<\/p>\n<h2>Notizie<\/h2>\n<div>\n<\/div>\n<p>\n    <a href=\"\/it\/category\/news-it\/\">View all news<\/a>\n<\/p>\n<p><!--more--><br \/>\n<!-- {\"type\":\"layout\",\"children\":[{\"type\":\"section\",\"props\":{\"style\":\"primary\",\"width\":\"default\",\"vertical_align\":\"middle\",\"title_position\":\"top-left\",\"title_rotation\":\"left\",\"title_breakpoint\":\"xl\",\"image_position\":\"center-center\",\"padding_remove_bottom\":true,\"preserve_color\":true,\"animation\":\"fade\"},\"children\":[{\"type\":\"row\",\"props\":{\"layout\":\"1-2,1-2\"},\"children\":[{\"type\":\"column\",\"props\":{\"position_sticky_breakpoint\":\"m\",\"image_position\":\"center-center\",\"media_overlay_gradient\":\"\",\"width_medium\":\"1-2\",\"order_first\":\"l\"},\"children\":[{\"type\":\"headline\",\"props\":{\"title_element\":\"h1\",\"content\":\"Sostenere la trasformazione digitale delle organizzazioni che operano nell'economia sociale\",\"title_style\":\"h2\",\"title_color\":\"background\"}},{\"type\":\"text\",\"props\":{\"margin\":\"default\",\"column_breakpoint\":\"m\",\"content\":\"\n\n<p>Il progetto DIGI:GO mira a sostenere gli educatori per adulti, ente di formazione professionale (VET), gli insegnanti e altri professionisti del settore sociale ed educativo nell'incorporazione di strumenti online per migliorare l'insegnamento e l'apprendimento.<\\\/p>\",\"text_color\":\"warning\"}},{\"type\":\"button\",\"props\":{\"grid_column_gap\":\"small\",\"grid_row_gap\":\"small\",\"margin\":\"default\"},\"children\":[{\"type\":\"button_item\",\"props\":{\"button_style\":\"secondary\",\"icon_align\":\"left\",\"content\":\"[readmore_text]\",\"link\":\"it\\\/about\"}}]}]},{\"type\":\"column\",\"props\":{\"position_sticky_breakpoint\":\"m\",\"image_position\":\"center-center\",\"media_overlay_gradient\":\"\",\"width_medium\":\"1-2\",\"order_first\":\"\"},\"children\":[{\"type\":\"image\",\"props\":{\"margin\":\"default\",\"image_svg_color\":\"emphasis\",\"image\":\"wp-content\\\/uploads\\\/2022\\\/09\\\/DigiGo_webDesign_030822_hv-10.svg\",\"text_align\":\"center\",\"class\":\"uk-visible@l\"}}]}]}]},{\"type\":\"section\",\"props\":{\"style\":\"muted\",\"width\":\"\",\"vertical_align\":\"middle\",\"title_position\":\"top-left\",\"title_rotation\":\"left\",\"title_breakpoint\":\"xl\",\"image_position\":\"center-center\",\"padding_remove_top\":true,\"padding_remove_bottom\":true,\"animation\":\"fade\",\"padding_remove_horizontal\":false,\"padding\":\"none\",\"class\":\"uk-visible@l\"},\"children\":[{\"type\":\"row\",\"props\":{\"layout\":\"1-2,1-2\"},\"children\":[{\"type\":\"column\",\"props\":{\"position_sticky_breakpoint\":\"m\",\"image_position\":\"center-center\",\"media_overlay_gradient\":\"\",\"width_medium\":\"1-2\",\"style\":\"secondary\",\"padding\":\"large\"},\"children\":[{\"type\":\"image\",\"props\":{\"margin\":\"remove-vertical\",\"image_svg_color\":\"emphasis\",\"image\":\"wp-content\\\/uploads\\\/2022\\\/09\\\/DigiGo_webDesign_030822_hv-05.svg\",\"image_alt\":\"e-learning\",\"maxwidth\":\"large\",\"text_align\":\"right\",\"block_align\":\"center\",\"margin_remove_top\":true,\"margin_remove_bottom\":true}}]},{\"type\":\"column\",\"props\":{\"position_sticky_breakpoint\":\"m\",\"image_position\":\"center-center\",\"media_overlay_gradient\":\"\",\"width_medium\":\"1-2\",\"vertical_align\":\"middle\",\"preserve_color\":true},\"children\":[{\"type\":\"headline\",\"props\":{\"title_element\":\"h2\",\"content\":\"eLearning\",\"title_style\":\"h2\",\"title_color\":\"primary\"}},{\"type\":\"text\",\"props\":{\"margin\":\"default\",\"column_breakpoint\":\"m\",\"maxwidth\":\"xlarge\",\"content\":\"\n\n<p>L'apprendimento a distanza \\u00e8 diventato un elemento chiave per garantire la continuit\\u00e0 delle attivit\\u00e0 educative al giorno d'oggi. Si tratta di un ambiente di apprendimento riconosciuto a livello internazionale e di alta qualit\\u00e0, utile in particolare per affrontare le sfide emergenti e nel favorire l'accesso alla conoscenza nella societ\\u00e0 digitale.<\\\/p>\"}},{\"type\":\"button\",\"props\":{\"grid_column_gap\":\"small\",\"grid_row_gap\":\"small\",\"margin\":\"default\"},\"children\":[{\"type\":\"button_item\",\"props\":{\"button_style\":\"secondary\",\"icon_align\":\"left\",\"content\":\"[readmore_text]\",\"link\":\"it\\\/elearning-platform\\\/\"}}]}]}]}],\"name\":\"lg Elearning\"},{\"type\":\"section\",\"props\":{\"style\":\"default\",\"width\":\"default\",\"vertical_align\":\"middle\",\"title_position\":\"top-left\",\"title_rotation\":\"left\",\"title_breakpoint\":\"xl\",\"image_position\":\"center-center\",\"class\":\"uk-hidden@l\\t\"},\"children\":[{\"type\":\"row\",\"children\":[{\"type\":\"column\",\"props\":{\"position_sticky_breakpoint\":\"m\",\"image_position\":\"center-center\",\"media_overlay_gradient\":\"\",\"width_medium\":\"\"},\"children\":[{\"type\":\"headline\",\"props\":{\"title_element\":\"h2\",\"content\":\"eLearning\",\"title_style\":\"h2\",\"title_color\":\"primary\"}},{\"type\":\"text\",\"props\":{\"margin\":\"default\",\"column_breakpoint\":\"m\",\"maxwidth\":\"xlarge\",\"content\":\"\n\n<p>L'apprendimento a distanza \\u00e8 diventato un elemento chiave per garantire la continuit\\u00e0 delle attivit\\u00e0 educative al giorno d'oggi. Si tratta di un ambiente di apprendimento riconosciuto a livello internazionale e di alta qualit\\u00e0, utile in particolare per affrontare le sfide emergenti e nel favorire l'accesso alla conoscenza nella societ\\u00e0 digitale.<\\\/p>\"}},{\"type\":\"button\",\"props\":{\"grid_column_gap\":\"small\",\"grid_row_gap\":\"small\",\"margin\":\"default\"},\"children\":[{\"type\":\"button_item\",\"props\":{\"button_style\":\"secondary\",\"icon_align\":\"left\",\"content\":\"[readmore_text]\",\"link\":\"it\\\/elearning-platform\\\/\"}}]}]}]}],\"name\":\"sm - Elearning\"},{\"type\":\"section\",\"props\":{\"style\":\"default\",\"width\":\"default\",\"vertical_align\":\"middle\",\"title_position\":\"top-left\",\"title_rotation\":\"left\",\"title_breakpoint\":\"xl\",\"image_position\":\"center-center\",\"padding\":\"small\",\"class\":\"th--orangeBG\",\"animation\":\"fade\"},\"children\":[{\"type\":\"row\",\"children\":[{\"type\":\"column\",\"props\":{\"position_sticky_breakpoint\":\"m\",\"image_position\":\"center-center\",\"media_overlay_gradient\":\"\"},\"children\":[{\"type\":\"headline\",\"props\":{\"title_element\":\"h2\",\"title_style\":\"h2\",\"title_color\":\"background\",\"text_align\":\"center\",\"content\":\"Notizie\"}},{\"type\":\"grid\",\"props\":{\"show_title\":true,\"show_meta\":false,\"show_content\":false,\"show_image\":true,\"show_link\":true,\"grid_default\":\"1\",\"grid_medium\":\"3\",\"filter_style\":\"tab\",\"filter_all\":true,\"filter_position\":\"top\",\"filter_align\":\"left\",\"filter_grid_width\":\"auto\",\"filter_grid_breakpoint\":\"m\",\"title_hover_style\":\"reset\",\"title_element\":\"h3\",\"title_align\":\"top\",\"title_grid_width\":\"1-2\",\"title_grid_breakpoint\":\"m\",\"meta_style\":\"meta\",\"meta_align\":\"below-title\",\"meta_element\":\"div\",\"content_column_breakpoint\":\"m\",\"icon_width\":80,\"image_align\":\"top\",\"image_grid_width\":\"1-2\",\"image_grid_breakpoint\":\"m\",\"image_svg_color\":\"emphasis\",\"link_text\":\"\",\"link_style\":\"secondary\",\"margin\":\"default\",\"item_animation\":true,\"panel_style\":\"card-default\",\"class\":\"\\\/\\\/news-grid\",\"panel_link\":true,\"css\":\".uk-child-width-1-1.uk-child-width-1-3\\\\@m.uk-grid-match.uk-grid {\\n  display: flex;\\n  justify-content: center;\\n}\",\"panel_padding\":\"default\"},\"children\":[{\"type\":\"grid_item\",\"props\":{\"link_text\":\"\"},\"source\":{\"query\":{\"name\":\"posts.customPosts\",\"arguments\":{\"terms\":[31],\"category_operator\":\"IN\",\"post_tag_operator\":\"IN\",\"users\":[],\"users_operator\":\"IN\",\"offset\":0,\"limit\":10,\"order\":\"date\",\"order_direction\":\"DESC\"}},\"props\":{\"title\":{\"filters\":{\"search\":\"\"},\"name\":\"title\"},\"image\":{\"filters\":{\"search\":\"\"},\"name\":\"featuredImage.url\"},\"link\":{\"filters\":{\"search\":\"\"},\"name\":\"link\"}}}}]},{\"type\":\"button\",\"props\":{\"grid_column_gap\":\"small\",\"grid_row_gap\":\"small\",\"margin\":\"default\",\"text_align\":\"center\"},\"children\":[{\"type\":\"button_item\",\"props\":{\"button_style\":\"secondary\",\"icon_align\":\"left\",\"content\":\"[all_news_header]\",\"link\":\"it\\\/category\\\/news-it\\\/\"},\"source\":{\"query\":{\"name\":\"categories.customCategories\",\"arguments\":{\"id\":0,\"offset\":0,\"limit\":10,\"order\":\"term_order\",\"order_direction\":\"ASC\"}},\"props\":{\"_condition\":{\"filters\":{\"condition\":\">\",\"condition_value\":\"1\"},\"name\":\"count\"}}}}]}]}]}]}],\"version\":\"2.7.22\"} --><\/p>\n","protected":false},"excerpt":{"rendered":"<p>Sostenere la trasformazione digitale delle organizzazioni che operano nell&#8217;economia sociale Il progetto DIGI:GO mira a sostenere gli educatori per adulti, ente di formazione professionale (VET),..<\/p>\n","protected":false},"author":1,"featured_media":0,"parent":0,"menu_order":0,"comment_status":"closed","ping_status":"closed","template":"","meta":{"_acf_changed":false,"inline_featured_image":false,"footnotes":""},"class_list":["post-861","page","type-page","status-publish","hentry"],"acf":[],"_links":{"self":[{"href":"https:\/\/digigo-project.eu\/it\/wp-json\/wp\/v2\/pages\/861","targetHints":{"allow":["GET"]}}],"collection":[{"href":"https:\/\/digigo-project.eu\/it\/wp-json\/wp\/v2\/pages"}],"about":[{"href":"https:\/\/digigo-project.eu\/it\/wp-json\/wp\/v2\/types\/page"}],"author":[{"embeddable":true,"href":"https:\/\/digigo-project.eu\/it\/wp-json\/wp\/v2\/users\/1"}],"replies":[{"embeddable":true,"href":"https:\/\/digigo-project.eu\/it\/wp-json\/wp\/v2\/comments?post=861"}],"version-history":[{"count":15,"href":"https:\/\/digigo-project.eu\/it\/wp-json\/wp\/v2\/pages\/861\/revisions"}],"predecessor-version":[{"id":1102,"href":"https:\/\/digigo-project.eu\/it\/wp-json\/wp\/v2\/pages\/861\/revisions\/1102"}],"wp:attachment":[{"href":"https:\/\/digigo-project.eu\/it\/wp-json\/wp\/v2\/media?parent=861"}],"curies":[{"name":"wp","href":"https:\/\/api.w.org\/{rel}","templated":true}]}}