{"id":866,"date":"2022-02-24T14:11:38","date_gmt":"2022-02-24T14:11:38","guid":{"rendered":"https:\/\/digigo-project.eu\/toolkit\/"},"modified":"2024-02-21T13:16:55","modified_gmt":"2024-02-21T13:16:55","slug":"toolkit","status":"publish","type":"page","link":"https:\/\/digigo-project.eu\/it\/toolkit\/","title":{"rendered":"Kit di strumenti"},"content":{"rendered":"<h1>Kit Di Strumenti<\/h1>\n<div>\n<p>Il Toolkit per lo Sviluppo Delle Competenze Digitali mira a supportare lo sviluppo delle competenze digitali chiave che sono allineate con il Quadro delle Competenze Digitali per i Cittadini 2.0 (DigComp) come segue:<\/p>\n<ol>\n<li>Alfabetizzazione dell&#8217;informazione e dei dati.<\/li>\n<li>Comunicazione e collaborazione.<\/li>\n<li><span style=\"font-weight: 400;\">Sicurezza<\/span>.<\/li>\n<li>Creazione di contenuti digitali.<\/li>\n<\/ol>\n<p>Questo risultato ha una forte componente socio-educativa e sar\u00e0 sviluppato in un&#8217;ottica di micro-apprendimento, poich\u00e9 divide le informazioni generali in parti pi\u00f9 piccole che possono completarsi a vicenda.<\/p>\n<\/div>\n<p>\n    <a href=\"https:\/\/digigo-project.eu\/wp-content\/uploads\/2024\/02\/DigiGo_PR1-final-ITA.pdf\">Leggi il Toolkit<\/a>\n<\/p>\n<p><img decoding=\"async\" src=\"\/wp-content\/uploads\/2022\/09\/DigiGo_webDesign_030822_hv-05.svg\" alt=\"e-learning\"><\/p>\n<p><!--more--><br \/>\n<!-- {\"name\":\"Tooklit page BKP - 12.9.22\",\"type\":\"layout\",\"children\":[{\"type\":\"section\",\"props\":{\"style\":\"default\",\"width\":\"default\",\"vertical_align\":\"middle\",\"title_position\":\"top-left\",\"title_rotation\":\"left\",\"title_breakpoint\":\"xl\",\"image_position\":\"center-center\",\"padding_remove_top\":false,\"padding_remove_bottom\":false,\"padding\":\"xsmall\"},\"children\":[{\"type\":\"row\",\"children\":[{\"type\":\"column\",\"props\":{\"position_sticky_breakpoint\":\"m\",\"image_position\":\"center-center\",\"media_overlay_gradient\":\"\"},\"children\":[{\"type\":\"headline\",\"props\":{\"title_element\":\"h1\",\"title_style\":\"heading-medium\",\"content\":\"Kit Di Strumenti\",\"title_color\":\"primary\"}}]}]}]},{\"type\":\"section\",\"props\":{\"style\":\"default\",\"width\":\"default\",\"vertical_align\":\"middle\",\"title_position\":\"top-left\",\"title_rotation\":\"left\",\"title_breakpoint\":\"xl\",\"image_position\":\"center-center\",\"animation\":\"fade\"},\"children\":[{\"type\":\"row\",\"props\":{\"layout\":\"1-2,1-2\"},\"children\":[{\"type\":\"column\",\"props\":{\"position_sticky_breakpoint\":\"m\",\"image_position\":\"center-center\",\"media_overlay_gradient\":\"\",\"width_medium\":\"1-2\"},\"children\":[{\"type\":\"text\",\"props\":{\"margin\":\"default\",\"column_breakpoint\":\"m\",\"content\":\"\n\n<p>Il Toolkit per lo Sviluppo Delle Competenze Digitali mira a supportare lo sviluppo delle competenze digitali chiave che sono allineate con il Quadro delle Competenze Digitali per i Cittadini 2.0 (DigComp) come segue:<\\\/p>\\n\n\n<ol>\\n\n\n<li>Alfabetizzazione dell'informazione e dei dati.<\\\/li>\\n\n\n<li>Comunicazione e collaborazione.<\\\/li>\\n\n\n<li><span style=\\\"font-weight: 400;\\\">Sicurezza<\\\/span>.<\\\/li>\\n\n\n<li>Creazione di contenuti digitali.<\\\/li>\\n<\\\/ol>\\n\n\n<p>Questo risultato ha una forte componente socio-educativa e sar\\u00e0 sviluppato in un'ottica di micro-apprendimento, poich\\u00e9 divide le informazioni generali in parti pi\\u00f9 piccole che possono completarsi a vicenda.<\\\/p>\"}},{\"type\":\"button\",\"props\":{\"grid_column_gap\":\"small\",\"grid_row_gap\":\"small\",\"margin\":\"default\"},\"children\":[{\"type\":\"button_item\",\"props\":{\"link_title\":\"\",\"link\":\"https:\\\/\\\/digigo-project.eu\\\/wp-content\\\/uploads\\\/2024\\\/02\\\/DigiGo_PR1-final-ITA.pdf\",\"icon\":\"download\",\"content\":\"Leggi il Toolkit\",\"button_style\":\"primary\",\"link_target\":\"blank\",\"icon_align\":\"left\"}}],\"name\":\"Reads the toolkit\"}]},{\"type\":\"column\",\"props\":{\"position_sticky_breakpoint\":\"m\",\"image_position\":\"center-center\",\"media_overlay_gradient\":\"\",\"width_medium\":\"1-2\"},\"children\":[{\"type\":\"image\",\"props\":{\"margin\":\"default\",\"image_svg_color\":\"emphasis\",\"image\":\"wp-content\\\/uploads\\\/2022\\\/09\\\/DigiGo_webDesign_030822_hv-05.svg\",\"image_alt\":\"e-learning\",\"maxwidth\":\"large\",\"block_align\":\"right\",\"block_align_breakpoint\":\"l\",\"block_align_fallback\":\"center\"}}]}]}],\"name\":\"Overview\"},{\"type\":\"section\",\"props\":{\"style\":\"default\",\"width\":\"default\",\"vertical_align\":\"middle\",\"title_position\":\"top-left\",\"title_rotation\":\"left\",\"title_breakpoint\":\"xl\",\"image_position\":\"center-center\"},\"children\":[{\"type\":\"row\",\"children\":[{\"type\":\"column\",\"props\":{\"position_sticky_breakpoint\":\"m\",\"image_position\":\"center-center\",\"media_overlay_gradient\":\"\"},\"children\":[]}]}]}],\"version\":\"2.7.22\"} --><\/p>\n","protected":false},"excerpt":{"rendered":"<p>Kit Di Strumenti Il Toolkit per lo Sviluppo Delle Competenze Digitali mira a supportare lo sviluppo delle competenze digitali chiave che sono allineate con il..<\/p>\n","protected":false},"author":1,"featured_media":0,"parent":0,"menu_order":0,"comment_status":"closed","ping_status":"closed","template":"","meta":{"_acf_changed":false,"inline_featured_image":false,"footnotes":""},"class_list":["post-866","page","type-page","status-publish","hentry"],"acf":[],"_links":{"self":[{"href":"https:\/\/digigo-project.eu\/it\/wp-json\/wp\/v2\/pages\/866","targetHints":{"allow":["GET"]}}],"collection":[{"href":"https:\/\/digigo-project.eu\/it\/wp-json\/wp\/v2\/pages"}],"about":[{"href":"https:\/\/digigo-project.eu\/it\/wp-json\/wp\/v2\/types\/page"}],"author":[{"embeddable":true,"href":"https:\/\/digigo-project.eu\/it\/wp-json\/wp\/v2\/users\/1"}],"replies":[{"embeddable":true,"href":"https:\/\/digigo-project.eu\/it\/wp-json\/wp\/v2\/comments?post=866"}],"version-history":[{"count":7,"href":"https:\/\/digigo-project.eu\/it\/wp-json\/wp\/v2\/pages\/866\/revisions"}],"predecessor-version":[{"id":1440,"href":"https:\/\/digigo-project.eu\/it\/wp-json\/wp\/v2\/pages\/866\/revisions\/1440"}],"wp:attachment":[{"href":"https:\/\/digigo-project.eu\/it\/wp-json\/wp\/v2\/media?parent=866"}],"curies":[{"name":"wp","href":"https:\/\/api.w.org\/{rel}","templated":true}]}}