{"id":858,"date":"2022-02-24T14:11:37","date_gmt":"2022-02-24T14:11:37","guid":{"rendered":"https:\/\/digigo-project.eu\/elearning-platform\/"},"modified":"2023-01-20T12:23:27","modified_gmt":"2023-01-20T12:23:27","slug":"elearning-platform","status":"publish","type":"page","link":"https:\/\/digigo-project.eu\/pt-pt\/elearning-platform\/","title":{"rendered":"eLearning"},"content":{"rendered":"<h1>eLearning<\/h1>\n<div>\n<p><span style=\"font-weight: 400;\">O ensino \u00e0 dist\u00e2ncia tornou-se uma caracter\u00edstica chave para assegurar a continuidade das atividades educativas nos dias de hoje. \u00c9 uma aprendizagem reconhecida internacionalmente e de alta qualidade, particularmente para enfrentar os desafios emergentes ao facilitar o acesso ao conhecimento na sociedade digital.<\/span><\/p>\n<p><span style=\"font-weight: 400;\">Al\u00e9m disso, as Plataformas de Aprendizagem Online, t\u00eam vindo a crescer rapidamente. Por este motivo, a plataforma DIGI-GO E-learning ter\u00e1 uma vasta gama de benef\u00edcios para os formandos adultos, desde:<\/span><\/p>\n<ul>\n<li>Permitir\u00e1 uma participa\u00e7\u00e3o ass\u00edncrona<\/li>\n<li>Incentivar\u00e1 a aprendizagem autodirigida<\/li>\n<li>Permitir\u00e1 a democratiza\u00e7\u00e3o do conhecimento<\/li>\n<li>Facilitar\u00e1 a aprendizagem entre pares<\/li>\n<li>Assegurar\u00e1 total compatibilidade em todos os dispositivos eletr\u00f3nicos<\/li>\n<li>Ser\u00e1 uma solu\u00e7\u00e3o rent\u00e1vel para alcan\u00e7ar uma vasta gama de alunos adultos a n\u00edvel local, nacional, comunit\u00e1rio e internacional.<\/li>\n<\/ul>\n<\/div>\n<p>\n    <a href=\"https:\/\/digigo-hub.eu\/\">Visite a plataforma<\/a>\n<\/p>\n<p><img decoding=\"async\" src=\"\/wp-content\/uploads\/2022\/09\/DigiGo_webDesign_030822_hv-05.svg\" alt=\"e-learning\"><\/p>\n<p><!--more--><br \/>\n<!-- {\"name\":\"About page BKP - 11.9.22\",\"type\":\"layout\",\"children\":[{\"type\":\"section\",\"props\":{\"style\":\"default\",\"width\":\"default\",\"vertical_align\":\"middle\",\"title_position\":\"top-left\",\"title_rotation\":\"left\",\"title_breakpoint\":\"xl\",\"image_position\":\"center-center\",\"padding_remove_top\":false,\"padding_remove_bottom\":false,\"padding\":\"xsmall\"},\"children\":[{\"type\":\"row\",\"children\":[{\"type\":\"column\",\"props\":{\"position_sticky_breakpoint\":\"m\",\"image_position\":\"center-center\",\"media_overlay_gradient\":\"\"},\"children\":[{\"type\":\"headline\",\"props\":{\"title_element\":\"h1\",\"title_style\":\"heading-medium\",\"content\":\"eLearning\",\"title_color\":\"primary\"}}]}]}]},{\"type\":\"section\",\"props\":{\"style\":\"default\",\"width\":\"default\",\"vertical_align\":\"middle\",\"title_position\":\"top-left\",\"title_rotation\":\"left\",\"title_breakpoint\":\"xl\",\"image_position\":\"center-center\",\"animation\":\"fade\"},\"children\":[{\"type\":\"row\",\"props\":{\"layout\":\"1-2,1-2\"},\"children\":[{\"type\":\"column\",\"props\":{\"position_sticky_breakpoint\":\"m\",\"image_position\":\"center-center\",\"media_overlay_gradient\":\"\",\"width_medium\":\"1-2\"},\"children\":[{\"type\":\"text\",\"props\":{\"margin\":\"default\",\"column_breakpoint\":\"m\",\"content\":\"\n\n<p><span style=\\\"font-weight: 400;\\\">O ensino \\u00e0 dist\\u00e2ncia tornou-se uma caracter\\u00edstica chave para assegurar a continuidade das atividades educativas nos dias de hoje. \\u00c9 uma aprendizagem reconhecida internacionalmente e de alta qualidade, particularmente para enfrentar os desafios emergentes ao facilitar o acesso ao conhecimento na sociedade digital.<\\\/span><\\\/p>\\n\n\n<p><span style=\\\"font-weight: 400;\\\">Al\\u00e9m disso, as Plataformas de Aprendizagem Online, t\\u00eam vindo a crescer rapidamente. Por este motivo, a plataforma DIGI-GO E-learning ter\\u00e1 uma vasta gama de benef\\u00edcios para os formandos adultos, desde:<\\\/span><\\\/p>\\n\n\n<ul>\\n\n\n<li>Permitir\\u00e1 uma participa\\u00e7\\u00e3o ass\\u00edncrona<\\\/li>\\n\n\n<li>Incentivar\\u00e1 a aprendizagem autodirigida<\\\/li>\\n\n\n<li>Permitir\\u00e1 a democratiza\\u00e7\\u00e3o do conhecimento<\\\/li>\\n\n\n<li>Facilitar\\u00e1 a aprendizagem entre pares<\\\/li>\\n\n\n<li>Assegurar\\u00e1 total compatibilidade em todos os dispositivos eletr\\u00f3nicos<\\\/li>\\n\n\n<li>Ser\\u00e1 uma solu\\u00e7\\u00e3o rent\\u00e1vel para alcan\\u00e7ar uma vasta gama de alunos adultos a n\\u00edvel local, nacional, comunit\\u00e1rio e internacional.<\\\/li>\\n<\\\/ul>\"}},{\"type\":\"button\",\"props\":{\"grid_column_gap\":\"small\",\"grid_row_gap\":\"small\",\"margin\":\"default\"},\"children\":[{\"type\":\"button_item\",\"props\":{\"button_style\":\"primary\",\"icon_align\":\"left\",\"link\":\"https:\\\/\\\/digigo-hub.eu\\\/\",\"link_target\":\"blank\",\"content\":\"Visite a plataforma\"}}]}]},{\"type\":\"column\",\"props\":{\"position_sticky_breakpoint\":\"m\",\"image_position\":\"center-center\",\"media_overlay_gradient\":\"\",\"width_medium\":\"1-2\"},\"children\":[{\"type\":\"image\",\"props\":{\"margin\":\"default\",\"image_svg_color\":\"emphasis\",\"image\":\"wp-content\\\/uploads\\\/2022\\\/09\\\/DigiGo_webDesign_030822_hv-05.svg\",\"image_alt\":\"e-learning\",\"maxwidth\":\"large\",\"block_align\":\"right\",\"block_align_breakpoint\":\"l\",\"block_align_fallback\":\"center\"}}]}]}],\"name\":\"Overview\"},{\"type\":\"section\",\"props\":{\"style\":\"default\",\"width\":\"default\",\"vertical_align\":\"middle\",\"title_position\":\"top-left\",\"title_rotation\":\"left\",\"title_breakpoint\":\"xl\",\"image_position\":\"center-center\"},\"children\":[{\"type\":\"row\",\"children\":[{\"type\":\"column\",\"props\":{\"position_sticky_breakpoint\":\"m\",\"image_position\":\"center-center\",\"media_overlay_gradient\":\"\"},\"children\":[]}]}]}],\"version\":\"2.7.22\"} --><\/p>\n","protected":false},"excerpt":{"rendered":"<p>eLearning O ensino \u00e0 dist\u00e2ncia tornou-se uma caracter\u00edstica chave para assegurar a continuidade das atividades educativas nos dias de hoje. \u00c9 uma aprendizagem reconhecida internacionalmente..<\/p>\n","protected":false},"author":1,"featured_media":0,"parent":0,"menu_order":0,"comment_status":"closed","ping_status":"closed","template":"","meta":{"_acf_changed":false,"inline_featured_image":false,"footnotes":""},"class_list":["post-858","page","type-page","status-publish","hentry"],"acf":[],"_links":{"self":[{"href":"https:\/\/digigo-project.eu\/pt-pt\/wp-json\/wp\/v2\/pages\/858","targetHints":{"allow":["GET"]}}],"collection":[{"href":"https:\/\/digigo-project.eu\/pt-pt\/wp-json\/wp\/v2\/pages"}],"about":[{"href":"https:\/\/digigo-project.eu\/pt-pt\/wp-json\/wp\/v2\/types\/page"}],"author":[{"embeddable":true,"href":"https:\/\/digigo-project.eu\/pt-pt\/wp-json\/wp\/v2\/users\/1"}],"replies":[{"embeddable":true,"href":"https:\/\/digigo-project.eu\/pt-pt\/wp-json\/wp\/v2\/comments?post=858"}],"version-history":[{"count":3,"href":"https:\/\/digigo-project.eu\/pt-pt\/wp-json\/wp\/v2\/pages\/858\/revisions"}],"predecessor-version":[{"id":1140,"href":"https:\/\/digigo-project.eu\/pt-pt\/wp-json\/wp\/v2\/pages\/858\/revisions\/1140"}],"wp:attachment":[{"href":"https:\/\/digigo-project.eu\/pt-pt\/wp-json\/wp\/v2\/media?parent=858"}],"curies":[{"name":"wp","href":"https:\/\/api.w.org\/{rel}","templated":true}]}}