{"id":862,"date":"2022-02-24T14:11:37","date_gmt":"2022-02-24T14:11:37","guid":{"rendered":"https:\/\/digigo-project.eu\/home\/"},"modified":"2022-11-23T15:16:07","modified_gmt":"2022-11-23T15:16:07","slug":"home","status":"publish","type":"page","link":"https:\/\/digigo-project.eu\/pt-pt\/","title":{"rendered":"P\u00e1gina Inicial"},"content":{"rendered":"<h1>Apoio \u00e0 Transforma\u00e7\u00e3o Digital das Organiza\u00e7\u00f5es da Economia Social<\/h1>\n<div>\n<p>O projeto DIGI:GO tem como objetivo apoiar educadores adultos, profissionais de EFP, professores e outros profissionais do campo social e educativo na incorpora\u00e7\u00e3o de ferramentas online para melhorar o ensino e a aprendizagem.<\/p>\n<\/div>\n<p>\n    <a href=\"\/pt-pt\/about\">Ler mais<\/a>\n<\/p>\n<p><img decoding=\"async\" src=\"\/wp-content\/uploads\/2022\/09\/DigiGo_webDesign_030822_hv-10.svg\" alt=\"\"><br \/>\n<img decoding=\"async\" src=\"\/wp-content\/uploads\/2022\/09\/DigiGo_webDesign_030822_hv-05.svg\" alt=\"e-learning\"><\/p>\n<h2>eLearning<\/h2>\n<div>\n<p>O ensino \u00e0 dist\u00e2ncia tornou-se uma caracter\u00edstica chave para assegurar a continuidade das atividades educativas nos dias de hoje. \u00c9 uma aprendizagem reconhecida internacionalmente e de alta qualidade, particularmente para enfrentar os desafios emergentes ao facilitar o acesso ao conhecimento na sociedade digital.<\/p>\n<\/div>\n<p>\n    <a href=\"\/pt-pt\/elearning-platform\/\">Ler mais<\/a>\n<\/p>\n<h2>eLearning<\/h2>\n<div>\n<p>O ensino \u00e0 dist\u00e2ncia tornou-se uma caracter\u00edstica chave para assegurar a continuidade das atividades educativas nos dias de hoje. \u00c9 uma aprendizagem reconhecida internacionalmente e de alta qualidade, particularmente para enfrentar os desafios emergentes ao facilitar o acesso ao conhecimento na sociedade digital.<\/p>\n<\/div>\n<p>\n    <a href=\"\/pt-pt\/elearning-platform\/\">Ler mais<\/a>\n<\/p>\n<h2>Novidades<\/h2>\n<div>\n<\/div>\n<p>\n    <a href=\"\/pt-pt\/category\/news-pt\/\">View all news<\/a>\n<\/p>\n<p><!--more--><br \/>\n<!-- {\"type\":\"layout\",\"children\":[{\"type\":\"section\",\"props\":{\"style\":\"primary\",\"width\":\"default\",\"vertical_align\":\"middle\",\"title_position\":\"top-left\",\"title_rotation\":\"left\",\"title_breakpoint\":\"xl\",\"image_position\":\"center-center\",\"padding_remove_bottom\":true,\"preserve_color\":true,\"animation\":\"fade\"},\"children\":[{\"type\":\"row\",\"props\":{\"layout\":\"1-2,1-2\"},\"children\":[{\"type\":\"column\",\"props\":{\"position_sticky_breakpoint\":\"m\",\"image_position\":\"center-center\",\"media_overlay_gradient\":\"\",\"width_medium\":\"1-2\",\"order_first\":\"l\"},\"children\":[{\"type\":\"headline\",\"props\":{\"title_element\":\"h1\",\"content\":\"Apoio \\u00e0 Transforma\\u00e7\\u00e3o Digital das Organiza\\u00e7\\u00f5es da Economia Social\",\"title_style\":\"h2\",\"title_color\":\"background\"}},{\"type\":\"text\",\"props\":{\"margin\":\"default\",\"column_breakpoint\":\"m\",\"content\":\"\n\n<p>O projeto DIGI:GO tem como objetivo apoiar educadores adultos, profissionais de EFP, professores e outros profissionais do campo social e educativo na incorpora\\u00e7\\u00e3o de ferramentas online para melhorar o ensino e a aprendizagem.<\\\/p>\",\"text_color\":\"warning\"}},{\"type\":\"button\",\"props\":{\"grid_column_gap\":\"small\",\"grid_row_gap\":\"small\",\"margin\":\"default\"},\"children\":[{\"type\":\"button_item\",\"props\":{\"button_style\":\"secondary\",\"icon_align\":\"left\",\"content\":\"[readmore_text]\",\"link\":\"pt-pt\\\/about\"}}]}]},{\"type\":\"column\",\"props\":{\"position_sticky_breakpoint\":\"m\",\"image_position\":\"center-center\",\"media_overlay_gradient\":\"\",\"width_medium\":\"1-2\",\"order_first\":\"\"},\"children\":[{\"type\":\"image\",\"props\":{\"margin\":\"default\",\"image_svg_color\":\"emphasis\",\"image\":\"wp-content\\\/uploads\\\/2022\\\/09\\\/DigiGo_webDesign_030822_hv-10.svg\",\"text_align\":\"center\",\"class\":\"uk-visible@l\"}}]}]}]},{\"type\":\"section\",\"props\":{\"style\":\"muted\",\"width\":\"\",\"vertical_align\":\"middle\",\"title_position\":\"top-left\",\"title_rotation\":\"left\",\"title_breakpoint\":\"xl\",\"image_position\":\"center-center\",\"padding_remove_top\":true,\"padding_remove_bottom\":true,\"animation\":\"fade\",\"padding_remove_horizontal\":false,\"padding\":\"none\",\"class\":\"uk-visible@l\"},\"children\":[{\"type\":\"row\",\"props\":{\"layout\":\"1-2,1-2\"},\"children\":[{\"type\":\"column\",\"props\":{\"position_sticky_breakpoint\":\"m\",\"image_position\":\"center-center\",\"media_overlay_gradient\":\"\",\"width_medium\":\"1-2\",\"style\":\"secondary\",\"padding\":\"large\"},\"children\":[{\"type\":\"image\",\"props\":{\"margin\":\"remove-vertical\",\"image_svg_color\":\"emphasis\",\"image\":\"wp-content\\\/uploads\\\/2022\\\/09\\\/DigiGo_webDesign_030822_hv-05.svg\",\"image_alt\":\"e-learning\",\"maxwidth\":\"large\",\"text_align\":\"right\",\"block_align\":\"center\",\"margin_remove_top\":true,\"margin_remove_bottom\":true}}]},{\"type\":\"column\",\"props\":{\"position_sticky_breakpoint\":\"m\",\"image_position\":\"center-center\",\"media_overlay_gradient\":\"\",\"width_medium\":\"1-2\",\"vertical_align\":\"middle\",\"preserve_color\":true},\"children\":[{\"type\":\"headline\",\"props\":{\"title_element\":\"h2\",\"content\":\"eLearning\",\"title_style\":\"h2\",\"title_color\":\"primary\"}},{\"type\":\"text\",\"props\":{\"margin\":\"default\",\"column_breakpoint\":\"m\",\"maxwidth\":\"xlarge\",\"content\":\"\n\n<p>O ensino \\u00e0 dist\\u00e2ncia tornou-se uma caracter\\u00edstica chave para assegurar a continuidade das atividades educativas nos dias de hoje. \\u00c9 uma aprendizagem reconhecida internacionalmente e de alta qualidade, particularmente para enfrentar os desafios emergentes ao facilitar o acesso ao conhecimento na sociedade digital.<\\\/p>\"}},{\"type\":\"button\",\"props\":{\"grid_column_gap\":\"small\",\"grid_row_gap\":\"small\",\"margin\":\"default\"},\"children\":[{\"type\":\"button_item\",\"props\":{\"button_style\":\"secondary\",\"icon_align\":\"left\",\"content\":\"[readmore_text]\",\"link\":\"pt-pt\\\/elearning-platform\\\/\"}}]}]}]}],\"name\":\"lg Elearning\"},{\"type\":\"section\",\"props\":{\"style\":\"default\",\"width\":\"default\",\"vertical_align\":\"middle\",\"title_position\":\"top-left\",\"title_rotation\":\"left\",\"title_breakpoint\":\"xl\",\"image_position\":\"center-center\",\"class\":\"uk-hidden@l\\t\"},\"children\":[{\"type\":\"row\",\"children\":[{\"type\":\"column\",\"props\":{\"position_sticky_breakpoint\":\"m\",\"image_position\":\"center-center\",\"media_overlay_gradient\":\"\",\"width_medium\":\"\"},\"children\":[{\"type\":\"headline\",\"props\":{\"title_element\":\"h2\",\"content\":\"eLearning\",\"title_style\":\"h2\",\"title_color\":\"primary\"}},{\"type\":\"text\",\"props\":{\"margin\":\"default\",\"column_breakpoint\":\"m\",\"maxwidth\":\"xlarge\",\"content\":\"\n\n<p>O ensino \\u00e0 dist\\u00e2ncia tornou-se uma caracter\\u00edstica chave para assegurar a continuidade das atividades educativas nos dias de hoje. \\u00c9 uma aprendizagem reconhecida internacionalmente e de alta qualidade, particularmente para enfrentar os desafios emergentes ao facilitar o acesso ao conhecimento na sociedade digital.<\\\/p>\"}},{\"type\":\"button\",\"props\":{\"grid_column_gap\":\"small\",\"grid_row_gap\":\"small\",\"margin\":\"default\"},\"children\":[{\"type\":\"button_item\",\"props\":{\"button_style\":\"secondary\",\"icon_align\":\"left\",\"content\":\"[readmore_text]\",\"link\":\"pt-pt\\\/elearning-platform\\\/\"}}]}]}]}],\"name\":\"sm - Elearning\"},{\"type\":\"section\",\"props\":{\"style\":\"default\",\"width\":\"default\",\"vertical_align\":\"middle\",\"title_position\":\"top-left\",\"title_rotation\":\"left\",\"title_breakpoint\":\"xl\",\"image_position\":\"center-center\",\"padding\":\"small\",\"class\":\"th--orangeBG\",\"animation\":\"fade\"},\"children\":[{\"type\":\"row\",\"children\":[{\"type\":\"column\",\"props\":{\"position_sticky_breakpoint\":\"m\",\"image_position\":\"center-center\",\"media_overlay_gradient\":\"\"},\"children\":[{\"type\":\"headline\",\"props\":{\"title_element\":\"h2\",\"title_style\":\"h2\",\"title_color\":\"background\",\"text_align\":\"center\",\"content\":\"Novidades\"}},{\"type\":\"grid\",\"props\":{\"show_title\":true,\"show_meta\":false,\"show_content\":false,\"show_image\":true,\"show_link\":true,\"grid_default\":\"1\",\"grid_medium\":\"3\",\"filter_style\":\"tab\",\"filter_all\":true,\"filter_position\":\"top\",\"filter_align\":\"left\",\"filter_grid_width\":\"auto\",\"filter_grid_breakpoint\":\"m\",\"title_hover_style\":\"reset\",\"title_element\":\"h3\",\"title_align\":\"top\",\"title_grid_width\":\"1-2\",\"title_grid_breakpoint\":\"m\",\"meta_style\":\"meta\",\"meta_align\":\"below-title\",\"meta_element\":\"div\",\"content_column_breakpoint\":\"m\",\"icon_width\":80,\"image_align\":\"top\",\"image_grid_width\":\"1-2\",\"image_grid_breakpoint\":\"m\",\"image_svg_color\":\"emphasis\",\"link_text\":\"\",\"link_style\":\"secondary\",\"margin\":\"default\",\"item_animation\":true,\"panel_style\":\"card-default\",\"class\":\"\\\/\\\/news-grid\",\"panel_link\":true,\"css\":\".uk-child-width-1-1.uk-child-width-1-3\\\\@m.uk-grid-match.uk-grid {\\n  display: flex;\\n  justify-content: center;\\n}\",\"panel_padding\":\"default\"},\"children\":[{\"type\":\"grid_item\",\"props\":{\"link_text\":\"\"},\"source\":{\"query\":{\"name\":\"posts.customPosts\",\"arguments\":{\"terms\":[32],\"category_operator\":\"IN\",\"post_tag_operator\":\"IN\",\"users\":[],\"users_operator\":\"IN\",\"offset\":0,\"limit\":10,\"order\":\"date\",\"order_direction\":\"DESC\"}},\"props\":{\"title\":{\"filters\":{\"search\":\"\"},\"name\":\"title\"},\"image\":{\"filters\":{\"search\":\"\"},\"name\":\"featuredImage.url\"},\"link\":{\"filters\":{\"search\":\"\"},\"name\":\"link\"}}}}]},{\"type\":\"button\",\"props\":{\"grid_column_gap\":\"small\",\"grid_row_gap\":\"small\",\"margin\":\"default\",\"text_align\":\"center\"},\"children\":[{\"type\":\"button_item\",\"props\":{\"button_style\":\"secondary\",\"icon_align\":\"left\",\"content\":\"[all_news_header]\",\"link\":\"pt-pt\\\/category\\\/news-pt\\\/\"},\"source\":{\"query\":{\"name\":\"categories.customCategories\",\"arguments\":{\"id\":0,\"offset\":0,\"limit\":10,\"order\":\"term_order\",\"order_direction\":\"ASC\"}},\"props\":{\"_condition\":{\"filters\":{\"condition\":\">\",\"condition_value\":\"1\"},\"name\":\"count\"}}}}]}]}]}]}],\"version\":\"2.7.22\"} --><\/p>\n","protected":false},"excerpt":{"rendered":"<p>Apoio \u00e0 Transforma\u00e7\u00e3o Digital das Organiza\u00e7\u00f5es da Economia Social O projeto DIGI:GO tem como objetivo apoiar educadores adultos, profissionais de EFP, professores e outros profissionais..<\/p>\n","protected":false},"author":1,"featured_media":0,"parent":0,"menu_order":0,"comment_status":"closed","ping_status":"closed","template":"","meta":{"_acf_changed":false,"inline_featured_image":false,"footnotes":""},"class_list":["post-862","page","type-page","status-publish","hentry"],"acf":[],"_links":{"self":[{"href":"https:\/\/digigo-project.eu\/pt-pt\/wp-json\/wp\/v2\/pages\/862","targetHints":{"allow":["GET"]}}],"collection":[{"href":"https:\/\/digigo-project.eu\/pt-pt\/wp-json\/wp\/v2\/pages"}],"about":[{"href":"https:\/\/digigo-project.eu\/pt-pt\/wp-json\/wp\/v2\/types\/page"}],"author":[{"embeddable":true,"href":"https:\/\/digigo-project.eu\/pt-pt\/wp-json\/wp\/v2\/users\/1"}],"replies":[{"embeddable":true,"href":"https:\/\/digigo-project.eu\/pt-pt\/wp-json\/wp\/v2\/comments?post=862"}],"version-history":[{"count":10,"href":"https:\/\/digigo-project.eu\/pt-pt\/wp-json\/wp\/v2\/pages\/862\/revisions"}],"predecessor-version":[{"id":1090,"href":"https:\/\/digigo-project.eu\/pt-pt\/wp-json\/wp\/v2\/pages\/862\/revisions\/1090"}],"wp:attachment":[{"href":"https:\/\/digigo-project.eu\/pt-pt\/wp-json\/wp\/v2\/media?parent=862"}],"curies":[{"name":"wp","href":"https:\/\/api.w.org\/{rel}","templated":true}]}}