{"id":867,"date":"2022-02-24T14:11:38","date_gmt":"2022-02-24T14:11:38","guid":{"rendered":"https:\/\/digigo-project.eu\/toolkit\/"},"modified":"2024-02-21T13:17:19","modified_gmt":"2024-02-21T13:17:19","slug":"toolkit","status":"publish","type":"page","link":"https:\/\/digigo-project.eu\/pt-pt\/toolkit\/","title":{"rendered":"Kit de ferramentas"},"content":{"rendered":"<h1>Kit de ferramentas<\/h1>\n<div>\n<p>O kit de ferramentas para desenvolvimento de compet\u00eancias digitais tem como objetivo apoiar o desenvolvimento de compet\u00eancias digitais chave que est\u00e3o alinhadas com o Quadro de Compet\u00eancias Digitais para os Cidad\u00e3os 2.0 (DigComp), como se segue:<\/p>\n<ol>\n<li>Literacia da informa\u00e7\u00e3o e dos dados.<\/li>\n<li>Comunica\u00e7\u00e3o e Colabora\u00e7\u00e3o.<\/li>\n<li>Seguran\u00e7a.<\/li>\n<li>Cria\u00e7\u00e3o de Conte\u00fados Digitais.<\/li>\n<\/ol>\n<p>Este resultado tem uma forte componente s\u00f3cio-educativa e ser\u00e1 desenvolvido numa perspetiva de micro-aprendizagem, uma vez que divide vastas partes de informa\u00e7\u00e3o em partes mais pequenas que se podem complementar umas \u00e0s outras.<\/p>\n<\/div>\n<p>\n    <a href=\"https:\/\/digigo-project.eu\/wp-content\/uploads\/2024\/02\/DigiGo_scripts_videolectures_PR1_all-modules_included-SDT-pt-PT.pdf\">Leia o kit de ferramentas<\/a>\n<\/p>\n<p><img decoding=\"async\" src=\"\/wp-content\/uploads\/2022\/09\/DigiGo_webDesign_030822_hv-05.svg\" alt=\"e-learning\"><\/p>\n<p><!--more--><br \/>\n<!-- {\"name\":\"Tooklit page BKP - 12.9.22\",\"type\":\"layout\",\"children\":[{\"type\":\"section\",\"props\":{\"style\":\"default\",\"width\":\"default\",\"vertical_align\":\"middle\",\"title_position\":\"top-left\",\"title_rotation\":\"left\",\"title_breakpoint\":\"xl\",\"image_position\":\"center-center\",\"padding_remove_top\":false,\"padding_remove_bottom\":false,\"padding\":\"xsmall\"},\"children\":[{\"type\":\"row\",\"children\":[{\"type\":\"column\",\"props\":{\"position_sticky_breakpoint\":\"m\",\"image_position\":\"center-center\",\"media_overlay_gradient\":\"\"},\"children\":[{\"type\":\"headline\",\"props\":{\"title_element\":\"h1\",\"title_style\":\"heading-medium\",\"content\":\"Kit de ferramentas\",\"title_color\":\"primary\"}}]}]}]},{\"type\":\"section\",\"props\":{\"style\":\"default\",\"width\":\"default\",\"vertical_align\":\"middle\",\"title_position\":\"top-left\",\"title_rotation\":\"left\",\"title_breakpoint\":\"xl\",\"image_position\":\"center-center\",\"animation\":\"fade\"},\"children\":[{\"type\":\"row\",\"props\":{\"layout\":\"1-2,1-2\"},\"children\":[{\"type\":\"column\",\"props\":{\"position_sticky_breakpoint\":\"m\",\"image_position\":\"center-center\",\"media_overlay_gradient\":\"\",\"width_medium\":\"1-2\"},\"children\":[{\"type\":\"text\",\"props\":{\"margin\":\"default\",\"column_breakpoint\":\"m\",\"content\":\"\n\n<p>O kit de ferramentas para desenvolvimento de compet\\u00eancias digitais tem como objetivo apoiar o desenvolvimento de compet\\u00eancias digitais chave que est\\u00e3o alinhadas com o Quadro de Compet\\u00eancias Digitais para os Cidad\\u00e3os 2.0 (DigComp), como se segue:<\\\/p>\\n\n\n<ol>\\n\n\n<li>Literacia da informa\\u00e7\\u00e3o e dos dados.<\\\/li>\\n\n\n<li>Comunica\\u00e7\\u00e3o e Colabora\\u00e7\\u00e3o.<\\\/li>\\n\n\n<li>Seguran\\u00e7a.<\\\/li>\\n\n\n<li>Cria\\u00e7\\u00e3o de Conte\\u00fados Digitais.<\\\/li>\\n<\\\/ol>\\n\n\n<p>Este resultado tem uma forte componente s\\u00f3cio-educativa e ser\\u00e1 desenvolvido numa perspetiva de micro-aprendizagem, uma vez que divide vastas partes de informa\\u00e7\\u00e3o em partes mais pequenas que se podem complementar umas \\u00e0s outras.<\\\/p>\"}},{\"type\":\"button\",\"props\":{\"grid_column_gap\":\"small\",\"grid_row_gap\":\"small\",\"margin\":\"default\"},\"children\":[{\"type\":\"button_item\",\"props\":{\"link_title\":\"\",\"link\":\"https:\\\/\\\/digigo-project.eu\\\/wp-content\\\/uploads\\\/2024\\\/02\\\/DigiGo_scripts_videolectures_PR1_all-modules_included-SDT-pt-PT.pdf\",\"icon\":\"download\",\"content\":\"Leia o kit de ferramentas\",\"button_style\":\"primary\",\"link_target\":\"blank\",\"icon_align\":\"left\"}}],\"name\":\"Reads the toolkit\"}]},{\"type\":\"column\",\"props\":{\"position_sticky_breakpoint\":\"m\",\"image_position\":\"center-center\",\"media_overlay_gradient\":\"\",\"width_medium\":\"1-2\"},\"children\":[{\"type\":\"image\",\"props\":{\"margin\":\"default\",\"image_svg_color\":\"emphasis\",\"image\":\"wp-content\\\/uploads\\\/2022\\\/09\\\/DigiGo_webDesign_030822_hv-05.svg\",\"image_alt\":\"e-learning\",\"maxwidth\":\"large\",\"block_align\":\"right\",\"block_align_breakpoint\":\"l\",\"block_align_fallback\":\"center\"}}]}]}],\"name\":\"Overview\"},{\"type\":\"section\",\"props\":{\"style\":\"default\",\"width\":\"default\",\"vertical_align\":\"middle\",\"title_position\":\"top-left\",\"title_rotation\":\"left\",\"title_breakpoint\":\"xl\",\"image_position\":\"center-center\"},\"children\":[{\"type\":\"row\",\"children\":[{\"type\":\"column\",\"props\":{\"position_sticky_breakpoint\":\"m\",\"image_position\":\"center-center\",\"media_overlay_gradient\":\"\"},\"children\":[]}]}]}],\"version\":\"2.7.22\"} --><\/p>\n","protected":false},"excerpt":{"rendered":"<p>Kit de ferramentas O kit de ferramentas para desenvolvimento de compet\u00eancias digitais tem como objetivo apoiar o desenvolvimento de compet\u00eancias digitais chave que est\u00e3o alinhadas..<\/p>\n","protected":false},"author":1,"featured_media":0,"parent":0,"menu_order":0,"comment_status":"closed","ping_status":"closed","template":"","meta":{"_acf_changed":false,"inline_featured_image":false,"footnotes":""},"class_list":["post-867","page","type-page","status-publish","hentry"],"acf":[],"_links":{"self":[{"href":"https:\/\/digigo-project.eu\/pt-pt\/wp-json\/wp\/v2\/pages\/867","targetHints":{"allow":["GET"]}}],"collection":[{"href":"https:\/\/digigo-project.eu\/pt-pt\/wp-json\/wp\/v2\/pages"}],"about":[{"href":"https:\/\/digigo-project.eu\/pt-pt\/wp-json\/wp\/v2\/types\/page"}],"author":[{"embeddable":true,"href":"https:\/\/digigo-project.eu\/pt-pt\/wp-json\/wp\/v2\/users\/1"}],"replies":[{"embeddable":true,"href":"https:\/\/digigo-project.eu\/pt-pt\/wp-json\/wp\/v2\/comments?post=867"}],"version-history":[{"count":4,"href":"https:\/\/digigo-project.eu\/pt-pt\/wp-json\/wp\/v2\/pages\/867\/revisions"}],"predecessor-version":[{"id":1441,"href":"https:\/\/digigo-project.eu\/pt-pt\/wp-json\/wp\/v2\/pages\/867\/revisions\/1441"}],"wp:attachment":[{"href":"https:\/\/digigo-project.eu\/pt-pt\/wp-json\/wp\/v2\/media?parent=867"}],"curies":[{"name":"wp","href":"https:\/\/api.w.org\/{rel}","templated":true}]}}